{"id":594,"date":"2020-10-23T19:08:33","date_gmt":"2020-10-23T22:08:33","guid":{"rendered":"http:\/\/rodrigueseassociados.com.br\/areas-de-atuacao\/"},"modified":"2020-11-07T11:53:15","modified_gmt":"2020-11-07T14:53:15","slug":"aree-di-competenza","status":"publish","type":"page","link":"https:\/\/rodrigueseassociados.com.br\/it\/aree-di-competenza\/","title":{"rendered":"Aree di Competenza"},"content":{"rendered":"<!--themify_builder_content-->\n<div id=\"themify_builder_content-594\" data-postid=\"594\" class=\"themify_builder_content themify_builder_content-594 themify_builder tf_clear\">\n                    <div  data-lazy=\"1\" class=\"module_row themify_builder_row tb_a8wt912 tb_first tf_w\">\n                        <div class=\"row_inner col_align_top tb_col_count_1 tf_box tf_rel\">\n                        <div  data-lazy=\"1\" class=\"module_column tb-column col-full tb_j6a4914 first\">\n                    <!-- module post -->\n<div  class=\"module module-post tb_ieic417 \">\n    <div  class=\"builder-posts-wrap loops-wrapper grid2 masonry classic tf_rel tf_clear tf_clearfix\" data-lazy=\"1\">\n    <article id=\"post-846\" class=\"post tf_clearfix post-846 type-post status-publish format-standard has-post-thumbnail hentry category-aree-di-competenza has-post-title no-post-date has-post-category has-post-tag has-post-comment has-post-author \">\n\t    \n\t                <figure class=\"post-image tf_clearfix\">\n                                                            <a href=\"https:\/\/rodrigueseassociados.com.br\/it\/aree-di-competenza\/affari-e-corporate\/\">\n                                        <img loading=\"lazy\" decoding=\"async\" width=\"826\" height=\"470\" src=\"https:\/\/rodrigueseassociados.com.br\/wp-content\/uploads\/2020\/11\/Rodrigues-e-Associados-Advocacia-Empresarial-e-Societario.jpg\" class=\"wp-post-image wp-image-841\" title=\"Rodrigues e Associados\" alt=\"Rodrigues e Associados\" srcset=\"https:\/\/rodrigueseassociados.com.br\/wp-content\/uploads\/2020\/11\/Rodrigues-e-Associados-Advocacia-Empresarial-e-Societario.jpg 826w, https:\/\/rodrigueseassociados.com.br\/wp-content\/uploads\/2020\/11\/Rodrigues-e-Associados-Advocacia-Empresarial-e-Societario-300x171.jpg 300w, https:\/\/rodrigueseassociados.com.br\/wp-content\/uploads\/2020\/11\/Rodrigues-e-Associados-Advocacia-Empresarial-e-Societario-768x437.jpg 768w\" sizes=\"auto, (max-width: 826px) 100vw, 826px\" \/>                                                                    <\/a>\n                                                                <\/figure>\n                    \t<div class=\"post-content\">\n\t\t<div class=\"post-content-inner\">\n\n\t\t\t\n\t\t\t<h2 class=\"post-title entry-title\"><a href=\"https:\/\/rodrigueseassociados.com.br\/it\/aree-di-competenza\/affari-e-corporate\/\">Affari e Corporate<\/a><\/h2>\n\t\t\t\n\t\t\t\n\t\t\t        <div class=\"entry-content\">\n\n        \n            <p>Affari e Corporate Crediamo che le piccole e medie imprese debbano fare affidamento su qualit\u00e0 e competenza Con un background di 20 anni di esperienza in grandi aziende nazionali e multinazionali, riteniamo che le piccole e medie imprese che cercano professionalit\u00e0 debbano avere la stessa qualit\u00e0 e competenza nella fornitura di servizi di consulenza legale. [&hellip;]<\/p>\n\n                \n                    <div class=\"more-link-wrap\"><a href=\"https:\/\/rodrigueseassociados.com.br\/it\/aree-di-competenza\/affari-e-corporate\/\" class=\"more-link\">Saiba mais<\/a><\/div>\n\n            \n            \n        <\/div><!-- \/.entry-content -->\n        \n\t\t<\/div>\n\t\t<!-- \/.post-content-inner -->\n\t<\/div>\n\t<!-- \/.post-content -->\n\t\n<\/article>\n<!-- \/.post -->\n<article id=\"post-874\" class=\"post tf_clearfix post-874 type-post status-publish format-standard has-post-thumbnail hentry category-aree-di-competenza has-post-title no-post-date has-post-category has-post-tag has-post-comment has-post-author \">\n\t    \n\t                <figure class=\"post-image tf_clearfix\">\n                                                            <a href=\"https:\/\/rodrigueseassociados.com.br\/it\/aree-di-competenza\/fiscal-e-tributario\/\">\n                                        <img loading=\"lazy\" decoding=\"async\" width=\"826\" height=\"470\" src=\"https:\/\/rodrigueseassociados.com.br\/wp-content\/uploads\/2021\/06\/Rodrigues-e-Associdos-Consultoria-01.jpg\" class=\"wp-post-image wp-image-869\" title=\"Rodrigues e Associdos Consultoria 01\" alt=\"Rodrigues e Associdos Consultoria 01\" srcset=\"https:\/\/rodrigueseassociados.com.br\/wp-content\/uploads\/2021\/06\/Rodrigues-e-Associdos-Consultoria-01.jpg 826w, https:\/\/rodrigueseassociados.com.br\/wp-content\/uploads\/2021\/06\/Rodrigues-e-Associdos-Consultoria-01-300x171.jpg 300w, https:\/\/rodrigueseassociados.com.br\/wp-content\/uploads\/2021\/06\/Rodrigues-e-Associdos-Consultoria-01-768x437.jpg 768w\" sizes=\"auto, (max-width: 826px) 100vw, 826px\" \/>                                                                    <\/a>\n                                                                <\/figure>\n                    \t<div class=\"post-content\">\n\t\t<div class=\"post-content-inner\">\n\n\t\t\t\n\t\t\t<h2 class=\"post-title entry-title\"><a href=\"https:\/\/rodrigueseassociados.com.br\/it\/aree-di-competenza\/fiscal-e-tributario\/\">Consulenza Fiscale<\/a><\/h2>\n\t\t\t\n\t\t\t\n\t\t\t        <div class=\"entry-content\">\n\n        \n            <p>Consulenza Fiscale Il sistema fiscale brasiliano \u00e8 uno dei pi\u00f9 complessi al mondo Il sistema fiscale brasiliano \u00e8 uno dei pi\u00f9 complessi al mondo, con un&#8217;infinit\u00e0 di imposte distribuite tra le tre sfere di potere: federale, statale e municipale. Sebbene una riforma fiscale sia in discussione al Congresso, la tanto attesa semplificazione di questo sistema [&hellip;]<\/p>\n\n                \n                    <div class=\"more-link-wrap\"><a href=\"https:\/\/rodrigueseassociados.com.br\/it\/aree-di-competenza\/fiscal-e-tributario\/\" class=\"more-link\">Saiba mais<\/a><\/div>\n\n            \n            \n        <\/div><!-- \/.entry-content -->\n        \n\t\t<\/div>\n\t\t<!-- \/.post-content-inner -->\n\t<\/div>\n\t<!-- \/.post-content -->\n\t\n<\/article>\n<!-- \/.post -->\n<article id=\"post-659\" class=\"post tf_clearfix post-659 type-post status-publish format-standard has-post-thumbnail hentry category-aree-di-competenza has-post-title no-post-date has-post-category has-post-tag has-post-comment has-post-author \">\n\t    \n\t                <figure class=\"post-image tf_clearfix\">\n                                                            <a href=\"https:\/\/rodrigueseassociados.com.br\/it\/aree-di-competenza\/contenziosi\/\">\n                                        <img loading=\"lazy\" decoding=\"async\" width=\"826\" height=\"470\" src=\"https:\/\/rodrigueseassociados.com.br\/wp-content\/uploads\/2020\/11\/Rodrigues-e-Associados-Advocacia-Contencioso.jpg\" class=\"wp-post-image wp-image-652\" title=\"Rodrigues e Associados Advocacia Contencioso\" alt=\"Rodrigues e Associados Advocacia Contencioso\" srcset=\"https:\/\/rodrigueseassociados.com.br\/wp-content\/uploads\/2020\/11\/Rodrigues-e-Associados-Advocacia-Contencioso.jpg 826w, https:\/\/rodrigueseassociados.com.br\/wp-content\/uploads\/2020\/11\/Rodrigues-e-Associados-Advocacia-Contencioso-300x171.jpg 300w, https:\/\/rodrigueseassociados.com.br\/wp-content\/uploads\/2020\/11\/Rodrigues-e-Associados-Advocacia-Contencioso-768x437.jpg 768w\" sizes=\"auto, (max-width: 826px) 100vw, 826px\" \/>                                                                    <\/a>\n                                                                <\/figure>\n                    \t<div class=\"post-content\">\n\t\t<div class=\"post-content-inner\">\n\n\t\t\t\n\t\t\t<h2 class=\"post-title entry-title\"><a href=\"https:\/\/rodrigueseassociados.com.br\/it\/aree-di-competenza\/contenziosi\/\">Contenziosi<\/a><\/h2>\n\t\t\t\n\t\t\t\n\t\t\t        <div class=\"entry-content\">\n\n        \n            <p>Contenziosi Le ragioni per azioni legali e amministrative sono le pi\u00f9 diverse, pertanto, il nostro studio ha una forte presenza in cause civili e fiscali, al fine di garantire i diritti dei nostri clienti. Per quanto riguarda la questione fiscale, operiamo sia a livello amministrativo (federale, statale e comunale), sia a livello giudiziario, evidenziando i [&hellip;]<\/p>\n\n                \n                    <div class=\"more-link-wrap\"><a href=\"https:\/\/rodrigueseassociados.com.br\/it\/aree-di-competenza\/contenziosi\/\" class=\"more-link\">Saiba mais<\/a><\/div>\n\n            \n            \n        <\/div><!-- \/.entry-content -->\n        \n\t\t<\/div>\n\t\t<!-- \/.post-content-inner -->\n\t<\/div>\n\t<!-- \/.post-content -->\n\t\n<\/article>\n<!-- \/.post -->\n<article id=\"post-598\" class=\"post tf_clearfix post-598 type-post status-publish format-standard has-post-thumbnail hentry category-aree-di-competenza has-post-title no-post-date has-post-category has-post-tag has-post-comment has-post-author \">\n\t    \n\t                <figure class=\"post-image tf_clearfix\">\n                                                            <a href=\"https:\/\/rodrigueseassociados.com.br\/it\/aree-di-competenza\/contratti-commerciali-e-privati\/\">\n                                        <img loading=\"lazy\" decoding=\"async\" width=\"826\" height=\"470\" src=\"https:\/\/rodrigueseassociados.com.br\/wp-content\/uploads\/2020\/10\/Rodrigues-e-Associados-Advocacia-Contratos-Comerciais-e-Privados.jpg\" class=\"wp-post-image wp-image-559\" title=\"Rodrigues e Associados\" alt=\"Rodrigues e Associados\" srcset=\"https:\/\/rodrigueseassociados.com.br\/wp-content\/uploads\/2020\/10\/Rodrigues-e-Associados-Advocacia-Contratos-Comerciais-e-Privados.jpg 826w, https:\/\/rodrigueseassociados.com.br\/wp-content\/uploads\/2020\/10\/Rodrigues-e-Associados-Advocacia-Contratos-Comerciais-e-Privados-300x171.jpg 300w, https:\/\/rodrigueseassociados.com.br\/wp-content\/uploads\/2020\/10\/Rodrigues-e-Associados-Advocacia-Contratos-Comerciais-e-Privados-768x437.jpg 768w\" sizes=\"auto, (max-width: 826px) 100vw, 826px\" \/>                                                                    <\/a>\n                                                                <\/figure>\n                    \t<div class=\"post-content\">\n\t\t<div class=\"post-content-inner\">\n\n\t\t\t\n\t\t\t<h2 class=\"post-title entry-title\"><a href=\"https:\/\/rodrigueseassociados.com.br\/it\/aree-di-competenza\/contratti-commerciali-e-privati\/\">Contratti Commerciali e Privati<\/a><\/h2>\n\t\t\t\n\t\t\t\n\t\t\t        <div class=\"entry-content\">\n\n        \n            <p>Contratti Commerciali e Privati Molti conflitti litigiosi nascono da contratti redatti male o costruiti appositamente per lasciare scappatoie legali, quindi la consulenza legale sui contratti \u00e8 essenziale per garantire una transazione chiara e legalmente sicura. Per questo, evidenziamo i nostri servizi di: Preparazione e revisione dei contratti commerciali Redazione e revisione di contratti privati \u200b\u200bin [&hellip;]<\/p>\n\n                \n                    <div class=\"more-link-wrap\"><a href=\"https:\/\/rodrigueseassociados.com.br\/it\/aree-di-competenza\/contratti-commerciali-e-privati\/\" class=\"more-link\">Saiba mais<\/a><\/div>\n\n            \n            \n        <\/div><!-- \/.entry-content -->\n        \n\t\t<\/div>\n\t\t<!-- \/.post-content-inner -->\n\t<\/div>\n\t<!-- \/.post-content -->\n\t\n<\/article>\n<!-- \/.post -->\n    <\/div><!-- .builder-posts-wrap -->\n            <\/div>\n<!-- \/module post -->\n            <\/div>\n                        <\/div>\n        <\/div>\n        <\/div>\n<!--\/themify_builder_content-->\n","protected":false},"excerpt":{"rendered":"","protected":false},"author":1,"featured_media":0,"parent":0,"menu_order":0,"comment_status":"closed","ping_status":"closed","template":"","meta":{"_seopress_robots_primary_cat":"","_seopress_titles_title":"Aree di Competenza","_seopress_titles_desc":"Il nostro scopo \u00e8 di fornire una gamma completa di servizi ai nostri clienti, sia persone giuridiche che persone fisiche. Competenza e rapidit\u00e0, professionalit\u00e0.","_seopress_robots_index":"","iawp_total_views":4,"_joinchat":[],"footnotes":""},"class_list":["post-594","page","type-page","status-publish","hentry","has-post-title","has-post-date","has-post-category","has-post-tag","has-post-comment","has-post-author",""],"_links":{"self":[{"href":"https:\/\/rodrigueseassociados.com.br\/it\/wp-json\/wp\/v2\/pages\/594","targetHints":{"allow":["GET"]}}],"collection":[{"href":"https:\/\/rodrigueseassociados.com.br\/it\/wp-json\/wp\/v2\/pages"}],"about":[{"href":"https:\/\/rodrigueseassociados.com.br\/it\/wp-json\/wp\/v2\/types\/page"}],"author":[{"embeddable":true,"href":"https:\/\/rodrigueseassociados.com.br\/it\/wp-json\/wp\/v2\/users\/1"}],"replies":[{"embeddable":true,"href":"https:\/\/rodrigueseassociados.com.br\/it\/wp-json\/wp\/v2\/comments?post=594"}],"version-history":[{"count":0,"href":"https:\/\/rodrigueseassociados.com.br\/it\/wp-json\/wp\/v2\/pages\/594\/revisions"}],"wp:attachment":[{"href":"https:\/\/rodrigueseassociados.com.br\/it\/wp-json\/wp\/v2\/media?parent=594"}],"curies":[{"name":"wp","href":"https:\/\/api.w.org\/{rel}","templated":true}]}}